{"id":575,"date":"2013-06-06T20:57:09","date_gmt":"2013-06-06T20:57:09","guid":{"rendered":"http:\/\/krasnodwor.home.pl\/autoinstalator\/wordpress\/?page_id=575"},"modified":"2013-06-07T11:01:36","modified_gmt":"2013-06-07T11:01:36","slug":"spotkania-na-poziomie","status":"publish","type":"page","link":"https:\/\/krasnodwor.pl\/?page_id=575","title":{"rendered":"Spotkania na poziomie"},"content":{"rendered":"<p style=\"text-align: justify;\">\n\tRestauracja Krasnodw&oacute;r to miejsce stworzone do spotka\u0144 rodzinnych, randek, organizacji imprez integracyjnych, piknik&oacute;w czy wyst\u0119p&oacute;w artystycznych.\n<\/p>\n<p style=\"text-align: justify;\">\n\tOtaczaj\u0105cy lokal plener sprzyja&nbsp; atmosferze odpoczynku i intymno\u015bci, a mi\u0142a obs\u0142uga i wy\u015bmienite jedzenie dope\u0142nia celebracj\u0119 chwili ze znajomymi.\n<\/p>\nngg_shortcode_0_placeholder\n","protected":false},"excerpt":{"rendered":"<p>Restauracja Krasnodw&oacute;r to miejsce stworzone do spotka\u0144 rodzinnych, randek, organizacji imprez integracyjnych, piknik&oacute;w czy wyst\u0119p&oacute;w artystycznych. Otaczaj\u0105cy lokal plener sprzyja&nbsp; atmosferze odpoczynku i intymno\u015bci, a mi\u0142a obs\u0142uga i wy\u015bmienite jedzenie dope\u0142nia celebracj\u0119 chwili ze znajomymi.<\/p>\n","protected":false},"author":2,"featured_media":0,"parent":0,"menu_order":0,"comment_status":"closed","ping_status":"closed","template":"template-full-width.php","meta":{"ngg_post_thumbnail":0,"footnotes":""},"class_list":["post-575","page","type-page","status-publish","hentry"],"_links":{"self":[{"href":"https:\/\/krasnodwor.pl\/index.php?rest_route=\/wp\/v2\/pages\/575","targetHints":{"allow":["GET"]}}],"collection":[{"href":"https:\/\/krasnodwor.pl\/index.php?rest_route=\/wp\/v2\/pages"}],"about":[{"href":"https:\/\/krasnodwor.pl\/index.php?rest_route=\/wp\/v2\/types\/page"}],"author":[{"embeddable":true,"href":"https:\/\/krasnodwor.pl\/index.php?rest_route=\/wp\/v2\/users\/2"}],"replies":[{"embeddable":true,"href":"https:\/\/krasnodwor.pl\/index.php?rest_route=%2Fwp%2Fv2%2Fcomments&post=575"}],"version-history":[{"count":5,"href":"https:\/\/krasnodwor.pl\/index.php?rest_route=\/wp\/v2\/pages\/575\/revisions"}],"predecessor-version":[{"id":578,"href":"https:\/\/krasnodwor.pl\/index.php?rest_route=\/wp\/v2\/pages\/575\/revisions\/578"}],"wp:attachment":[{"href":"https:\/\/krasnodwor.pl\/index.php?rest_route=%2Fwp%2Fv2%2Fmedia&parent=575"}],"curies":[{"name":"wp","href":"https:\/\/api.w.org\/{rel}","templated":true}]}}