{"id":572,"date":"2013-06-06T20:55:08","date_gmt":"2013-06-06T20:55:08","guid":{"rendered":"http:\/\/krasnodwor.home.pl\/autoinstalator\/wordpress\/?page_id=572"},"modified":"2021-11-27T22:55:04","modified_gmt":"2021-11-27T22:55:04","slug":"filozofia-smaku","status":"publish","type":"page","link":"https:\/\/krasnodwor.pl\/?page_id=572","title":{"rendered":"Filozofia smaku"},"content":{"rendered":"<p>Restauracja Krasnodw\u00f3r zaskoczy Pa\u0144stwa nie tylko r\u00f3\u017cnorodno\u015bci\u0105 potraw, lecz r\u00f3wnie\u017c ich wyj\u0105tkowym smakiem&nbsp; w eleganckiej oprawie. S\u0142yniemy z dobrej staropolskiej kuchni, a przyrz\u0105dzone przez nas kaczki, dziczyzna czy g\u0119sina sta\u0142y si\u0119 ju\u017c niemal legendarne na warszawskim rynku gastronomicznym.<\/p>\n<p>Za jako\u015b\u0107 serwowanego jedzenia odpowiada szanowany&nbsp;Szef Kuchni, kt\u00f3re ca\u0142y czas doskonali si\u0119 pod okiem najlepszych kucharzy \u015bwiata w stowarzyszeniu Eurotoques.<\/p>\n<p>Wystarczy spr\u00f3bowa\u0107 by na zawsze rozsmakowa\u0107 si\u0119 w Krasnodworze!<\/p>\nngg_shortcode_0_placeholder\n","protected":false},"excerpt":{"rendered":"<p>Restauracja Krasnodw\u00f3r zaskoczy Pa\u0144stwa nie tylko r\u00f3\u017cnorodno\u015bci\u0105 potraw, lecz r\u00f3wnie\u017c ich wyj\u0105tkowym smakiem&nbsp; w eleganckiej oprawie. S\u0142yniemy z dobrej staropolskiej kuchni, a przyrz\u0105dzone przez nas kaczki, dziczyzna czy g\u0119sina sta\u0142y si\u0119 ju\u017c niemal legendarne na warszawskim rynku gastronomicznym. Za jako\u015b\u0107 serwowanego jedzenia odpowiada szanowany&nbsp;Szef Kuchni, kt\u00f3re ca\u0142y czas doskonali si\u0119 pod okiem najlepszych kucharzy \u015bwiata [&hellip;]<\/p>\n","protected":false},"author":3,"featured_media":0,"parent":0,"menu_order":0,"comment_status":"closed","ping_status":"closed","template":"template-full-width.php","meta":{"ngg_post_thumbnail":0,"footnotes":""},"class_list":["post-572","page","type-page","status-publish","hentry"],"_links":{"self":[{"href":"https:\/\/krasnodwor.pl\/index.php?rest_route=\/wp\/v2\/pages\/572","targetHints":{"allow":["GET"]}}],"collection":[{"href":"https:\/\/krasnodwor.pl\/index.php?rest_route=\/wp\/v2\/pages"}],"about":[{"href":"https:\/\/krasnodwor.pl\/index.php?rest_route=\/wp\/v2\/types\/page"}],"author":[{"embeddable":true,"href":"https:\/\/krasnodwor.pl\/index.php?rest_route=\/wp\/v2\/users\/3"}],"replies":[{"embeddable":true,"href":"https:\/\/krasnodwor.pl\/index.php?rest_route=%2Fwp%2Fv2%2Fcomments&post=572"}],"version-history":[{"count":7,"href":"https:\/\/krasnodwor.pl\/index.php?rest_route=\/wp\/v2\/pages\/572\/revisions"}],"predecessor-version":[{"id":1879,"href":"https:\/\/krasnodwor.pl\/index.php?rest_route=\/wp\/v2\/pages\/572\/revisions\/1879"}],"wp:attachment":[{"href":"https:\/\/krasnodwor.pl\/index.php?rest_route=%2Fwp%2Fv2%2Fmedia&parent=572"}],"curies":[{"name":"wp","href":"https:\/\/api.w.org\/{rel}","templated":true}]}}