{"id":489,"date":"2013-06-03T16:40:05","date_gmt":"2013-06-03T16:40:05","guid":{"rendered":"http:\/\/krasnodwor.home.pl\/autoinstalator\/wordpress\/?page_id=489"},"modified":"2016-08-29T22:12:28","modified_gmt":"2016-08-29T22:12:28","slug":"wesela","status":"publish","type":"page","link":"https:\/\/krasnodwor.pl\/?page_id=489","title":{"rendered":"Wesela"},"content":{"rendered":"<h4>\n\tngg_shortcode_0_placeholder<br \/>\n<\/h4>\n<h4>\n\t<span style=\"line-height: 1.6em; font-size: 13px; text-align: justify;\">Chcesz \u017ceby spe\u0142ni\u0142y si\u0119 Twoje marzenia?<br \/>\n\tBy twoje wesele by\u0142o wyj\u0105tkowe?<br \/>\n\tEleganckie, lecz bez zb\u0119dnego przepychu?<\/span><br \/>\n<\/h4>\n<p style=\"font-size: 13px; text-align: justify;\">\n\t<span style=\"line-height: 1.6em;\">Wybierz Krasnodw&oacute;r, a si\u0119 nie rozczarujesz. Klasyka po\u0142\u0105czona z nowoczesno\u015bci\u0105 sal zaskoczy Pa\u0144stwa Go\u015bci, pozostawiajac w nich wra\u017cenie zachwytu jeszcze przez d\u0142ugi czas. R&oacute;\u017cnorodno\u015b\u0107 menu i mo\u017cliwo\u015b\u0107 weryfikacji, sprosta nawet najwy\u017cszym wymaganiom. Za\u015b kompleksowa organizacja i pe\u0142na dyspozycyjno\u015b\u0107 naszego zespo\u0142u &nbsp;pomog\u0105 bezstresowo realizowa\u0107 etap przygotowa\u0144. Organizujemy wi\u0119ksze i mniejsze przyj\u0119cia, te tematyczne i te klasyczne, letnie i zimowe&#8230; a wszystko zale\u017cy od Pa\u0144stwa pomys\u0142u to on si\u0119 stanie dla nas inspiracj\u0105.<\/span>\n<\/p>\n<p style=\"font-size: 13px; text-align: justify;\">\n\t<span style=\"font-size:14px;\"><u><strong><a href=\"http:\/\/krasnodwor.pl\/?gallery-item=aranzacja-sali-weselnej\"><span style=\"color:#0099cc;\">ARAN\u017bACJA SALI WESELNEJ<\/span><\/a><\/strong><\/u><\/span>\n<\/p>\n<p style=\"font-size: 13px; text-align: justify;\">\n\t<span style=\"font-size:14px;\"><u><strong><a href=\"http:\/\/krasnodwor.pl\/?gallery-item=przyjecia-weselne\"><span style=\"color:#0099cc;\">PRZYJ\u0118CIA WESELNE<\/span><\/a><\/strong><\/u><\/span>\n<\/p>\n<p style=\"font-size: 13px; text-align: justify;\">\n\t<span style=\"font-size:14px;\"><u><strong><a href=\"http:\/\/krasnodwor.pl\/?gallery-item=sluby-w-plenerze\"><span style=\"color:#0099cc;\">\u015aLUB W PLENERZE <\/span><\/a><\/strong><\/u><\/span><\/p>\n","protected":false},"excerpt":{"rendered":"<p>Chcesz \u017ceby spe\u0142ni\u0142y si\u0119 Twoje marzenia? By twoje wesele by\u0142o wyj\u0105tkowe? Eleganckie, lecz bez zb\u0119dnego przepychu? Wybierz Krasnodw&oacute;r, a si\u0119 nie rozczarujesz. Klasyka po\u0142\u0105czona z nowoczesno\u015bci\u0105 sal zaskoczy Pa\u0144stwa Go\u015bci, pozostawiajac w nich wra\u017cenie zachwytu jeszcze przez d\u0142ugi czas. R&oacute;\u017cnorodno\u015b\u0107 menu i mo\u017cliwo\u015b\u0107 weryfikacji, sprosta nawet najwy\u017cszym wymaganiom. Za\u015b kompleksowa organizacja i pe\u0142na dyspozycyjno\u015b\u0107 naszego [&hellip;]<\/p>\n","protected":false},"author":2,"featured_media":0,"parent":0,"menu_order":0,"comment_status":"closed","ping_status":"closed","template":"template-full-width.php","meta":{"ngg_post_thumbnail":0,"footnotes":""},"class_list":["post-489","page","type-page","status-publish","hentry"],"_links":{"self":[{"href":"https:\/\/krasnodwor.pl\/index.php?rest_route=\/wp\/v2\/pages\/489","targetHints":{"allow":["GET"]}}],"collection":[{"href":"https:\/\/krasnodwor.pl\/index.php?rest_route=\/wp\/v2\/pages"}],"about":[{"href":"https:\/\/krasnodwor.pl\/index.php?rest_route=\/wp\/v2\/types\/page"}],"author":[{"embeddable":true,"href":"https:\/\/krasnodwor.pl\/index.php?rest_route=\/wp\/v2\/users\/2"}],"replies":[{"embeddable":true,"href":"https:\/\/krasnodwor.pl\/index.php?rest_route=%2Fwp%2Fv2%2Fcomments&post=489"}],"version-history":[{"count":25,"href":"https:\/\/krasnodwor.pl\/index.php?rest_route=\/wp\/v2\/pages\/489\/revisions"}],"predecessor-version":[{"id":1440,"href":"https:\/\/krasnodwor.pl\/index.php?rest_route=\/wp\/v2\/pages\/489\/revisions\/1440"}],"wp:attachment":[{"href":"https:\/\/krasnodwor.pl\/index.php?rest_route=%2Fwp%2Fv2%2Fmedia&parent=489"}],"curies":[{"name":"wp","href":"https:\/\/api.w.org\/{rel}","templated":true}]}}