{"id":384,"date":"2013-05-01T16:26:23","date_gmt":"2013-05-01T16:26:23","guid":{"rendered":"http:\/\/krasnodwor.home.pl\/autoinstalator\/wordpress\/?page_id=384"},"modified":"2013-10-29T09:36:49","modified_gmt":"2013-10-29T09:36:49","slug":"poznaj-krasnodwor","status":"publish","type":"page","link":"https:\/\/krasnodwor.pl\/?page_id=384","title":{"rendered":"Poznaj Krasnodw\u00f3r"},"content":{"rendered":"<p>\n\t<span style=\"color:#000000;\"><span style=\"font-family: 'Droid Sans', Arial, Helvetica, sans-serif; font-size: 13px; line-height: 20px;\">Restauracja Krasnodw&oacute;r to wyj\u0105tkowe miejsce oferuj\u0105ce mi\u0142\u0105 atmosfer\u0119, spok&oacute;j, wy\u015bmienit\u0105 kuchni\u0119 oraz mo\u017cliwo\u015b\u0107 pe\u0142nego relaksu b\u0105d\u017a aktywnej rozrywki, w zale\u017cno\u015bci od potrzeb cia\u0142 i ducha. Stylowe wn\u0119trza restauracyjne, Ogr&oacute;d Zimowy, letni ogr&oacute;dek&#8230;<\/span><\/span>\n<\/p>\n<h1 style=\"text-align: center;\">\n\t&nbsp;<br \/>\n<\/h1>\nngg_shortcode_0_placeholder\n<p style=\"text-align: center;\">\n\t&nbsp;\n<\/p>\n<p>\n\t&nbsp;<\/p>\n","protected":false},"excerpt":{"rendered":"<p>Restauracja Krasnodw&oacute;r to wyj\u0105tkowe miejsce oferuj\u0105ce mi\u0142\u0105 atmosfer\u0119, spok&oacute;j, wy\u015bmienit\u0105 kuchni\u0119 oraz mo\u017cliwo\u015b\u0107 pe\u0142nego relaksu b\u0105d\u017a aktywnej rozrywki, w zale\u017cno\u015bci od potrzeb cia\u0142 i ducha. Stylowe wn\u0119trza restauracyjne, Ogr&oacute;d Zimowy, letni ogr&oacute;dek&#8230; &nbsp; &nbsp; &nbsp;<\/p>\n","protected":false},"author":2,"featured_media":0,"parent":0,"menu_order":0,"comment_status":"closed","ping_status":"closed","template":"template-full-width.php","meta":{"ngg_post_thumbnail":0,"footnotes":""},"class_list":["post-384","page","type-page","status-publish","hentry"],"_links":{"self":[{"href":"https:\/\/krasnodwor.pl\/index.php?rest_route=\/wp\/v2\/pages\/384","targetHints":{"allow":["GET"]}}],"collection":[{"href":"https:\/\/krasnodwor.pl\/index.php?rest_route=\/wp\/v2\/pages"}],"about":[{"href":"https:\/\/krasnodwor.pl\/index.php?rest_route=\/wp\/v2\/types\/page"}],"author":[{"embeddable":true,"href":"https:\/\/krasnodwor.pl\/index.php?rest_route=\/wp\/v2\/users\/2"}],"replies":[{"embeddable":true,"href":"https:\/\/krasnodwor.pl\/index.php?rest_route=%2Fwp%2Fv2%2Fcomments&post=384"}],"version-history":[{"count":11,"href":"https:\/\/krasnodwor.pl\/index.php?rest_route=\/wp\/v2\/pages\/384\/revisions"}],"predecessor-version":[{"id":387,"href":"https:\/\/krasnodwor.pl\/index.php?rest_route=\/wp\/v2\/pages\/384\/revisions\/387"}],"wp:attachment":[{"href":"https:\/\/krasnodwor.pl\/index.php?rest_route=%2Fwp%2Fv2%2Fmedia&parent=384"}],"curies":[{"name":"wp","href":"https:\/\/api.w.org\/{rel}","templated":true}]}}