{"id":1896,"date":"2021-11-28T16:53:18","date_gmt":"2021-11-28T16:53:18","guid":{"rendered":"https:\/\/krasnodwor.pl\/?page_id=1896"},"modified":"2022-10-03T11:17:10","modified_gmt":"2022-10-03T11:17:10","slug":"o-nas-3","status":"publish","type":"page","link":"https:\/\/krasnodwor.pl\/","title":{"rendered":"Witamy w Restauracji Krasnodw\u00f3r"},"content":{"rendered":"<p>Niespotykane w warunkach Warszawy po\u0142o\u017cenie w\u015br\u00f3d las\u00f3w i \u0142\u0105k Parku Le\u015bnego Bemowo,<br \/>\nw s\u0105siedztwie trzech rezerwat\u00f3w przyrody z wyj\u0105tkowym klimatem Puszczy Kampinoskiej<br \/>\nzapewnia naszym Klientom od pi\u0105tku do niedzieli od godz. 12:00 poczucie intymno\u015bci i mo\u017cliwo\u015bci<br \/>\nobcowania z Natur\u0105.<br \/>\nZapraszamy!<\/p>\n<p><b>FILOZOFIA SAMKU<\/b><br \/>\n<a href=\"https:\/\/krasnodwor.pl\/?page_id=384\"><img decoding=\"async\" src=\"https:\/\/krasnodwor.pl\/oferta\/Onas1.jpg\" alt=\"Filozofia smaku\"><\/a><br \/>\nZ gustem po\u015br\u00f3d drzew<br \/>\nRestauracja Krasnodw\u00f3r to wyj\u0105tkowe miejsce oferuj\u0105ce mi\u0142\u0105 atmosfer\u0119, spok\u00f3j, wy\u015bmienit\u0105 kuchni\u0119 oraz mo\u017cliwo\u015b\u0107 pe\u0142nego relaksu b\u0105d\u017a aktywnej rozrywki, w zale\u017cno\u015bci od potrzeb cia\u0142 i ducha. Stylowe wn\u0119trza restauracyjne, Ogr\u00f3d Zimowy, letni ogr\u00f3dek&#8230;<br \/>\n<a href=\"https:\/\/krasnodwor.pl\/?page_id=384\">Wi\u0119cej&#8230;<\/a><\/p>\n<p><b>POZNAJ KRASNODW\u00d3R<\/b><br \/>\n<a href=\"https:\/\/krasnodwor.pl\/?page_id=572\"><img decoding=\"async\" src=\"https:\/\/krasnodwor.pl\/oferta\/Onas2.jpg\" alt=\"Poznaj Krasnodw\u00f3r\"><\/a><br \/>\nNasze Menu<br \/>\nRestauracja Krasnodw\u00f3r zaskoczy Pa\u0144stwa nie tylko r\u00f3\u017cnorodno\u015bci\u0105 potraw, lecz r\u00f3wnie\u017c ich wyj\u0105tkowym smakiem w eleganckiej oprawie. S\u0142yniemy z dobrej staropolskiej kuchni, a przyrz\u0105dzone przez nas kaczki, dziczyzna czy g\u0119sina&#8230;<br \/>\n<a href=\"https:\/\/krasnodwor.pl\/?page_id=384\">Wi\u0119cej&#8230;<\/a><\/p>\n<p><b>WYDARZENIA<\/b><br \/>\n<a href=\"https:\/\/krasnodwor.pl\/?page_id=575\"><img decoding=\"async\" src=\"https:\/\/krasnodwor.pl\/oferta\/Onas3.jpg\" alt=\"Wydarzenia\"><\/a><br \/>\nSpotkania na poziomie<br \/>\nRestauracja Krasnodw\u00f3r to miejsce stworzone do spotka\u0144 rodzinnych, randek, organizacji imprez integracyjnych, piknik\u00f3w czy wyst\u0119p\u00f3w artystycznych. Otaczaj\u0105cy lokal plener sprzyja atmosferze odpoczynku i intymno\u015bci&#8230;<br \/>\n<a href=\"https:\/\/krasnodwor.pl\/?page_id=575\">Wi\u0119cej&#8230;<\/a><\/p>\n","protected":false},"excerpt":{"rendered":"<p>Niespotykane w warunkach Warszawy po\u0142o\u017cenie w\u015br\u00f3d las\u00f3w i \u0142\u0105k Parku Le\u015bnego Bemowo, w s\u0105siedztwie trzech rezerwat\u00f3w przyrody z wyj\u0105tkowym klimatem Puszczy Kampinoskiej zapewnia naszym Klientom od pi\u0105tku do niedzieli od godz. 12:00 poczucie intymno\u015bci i mo\u017cliwo\u015bci obcowania z Natur\u0105. Zapraszamy! FILOZOFIA SAMKU Z gustem po\u015br\u00f3d drzew Restauracja Krasnodw\u00f3r to wyj\u0105tkowe miejsce oferuj\u0105ce mi\u0142\u0105 atmosfer\u0119, spok\u00f3j, [&hellip;]<\/p>\n","protected":false},"author":3,"featured_media":0,"parent":0,"menu_order":0,"comment_status":"closed","ping_status":"closed","template":"","meta":{"ngg_post_thumbnail":0,"footnotes":""},"class_list":["post-1896","page","type-page","status-publish","hentry"],"_links":{"self":[{"href":"https:\/\/krasnodwor.pl\/index.php?rest_route=\/wp\/v2\/pages\/1896","targetHints":{"allow":["GET"]}}],"collection":[{"href":"https:\/\/krasnodwor.pl\/index.php?rest_route=\/wp\/v2\/pages"}],"about":[{"href":"https:\/\/krasnodwor.pl\/index.php?rest_route=\/wp\/v2\/types\/page"}],"author":[{"embeddable":true,"href":"https:\/\/krasnodwor.pl\/index.php?rest_route=\/wp\/v2\/users\/3"}],"replies":[{"embeddable":true,"href":"https:\/\/krasnodwor.pl\/index.php?rest_route=%2Fwp%2Fv2%2Fcomments&post=1896"}],"version-history":[{"count":22,"href":"https:\/\/krasnodwor.pl\/index.php?rest_route=\/wp\/v2\/pages\/1896\/revisions"}],"predecessor-version":[{"id":1953,"href":"https:\/\/krasnodwor.pl\/index.php?rest_route=\/wp\/v2\/pages\/1896\/revisions\/1953"}],"wp:attachment":[{"href":"https:\/\/krasnodwor.pl\/index.php?rest_route=%2Fwp%2Fv2%2Fmedia&parent=1896"}],"curies":[{"name":"wp","href":"https:\/\/api.w.org\/{rel}","templated":true}]}}