{"id":1852,"date":"2021-08-16T15:39:16","date_gmt":"2021-08-16T15:39:16","guid":{"rendered":"https:\/\/krasnodwor.pl\/?page_id=1852"},"modified":"2021-08-16T16:31:25","modified_gmt":"2021-08-16T16:31:25","slug":"rezerwacja-2","status":"publish","type":"page","link":"https:\/\/krasnodwor.pl\/?page_id=1852","title":{"rendered":"Rezerwacja"},"content":{"rendered":"<p style=\"text-align: justify;\">\n\t<span style=\"font-size: 13px; line-height: 1.6em;\">W celu rezerwacji stolika w naszej restauracji prosimy o&nbsp;wype\u0142nienie poni\u017cszego formularza.&nbsp;<\/span><span style=\"font-size: 13px; line-height: 1.6em;\">Po jego wype\u0142nieniu nasz pracownik skontatuje sie z Pa\u0144stwem i poinformuje, czy wybrany termin jest wolny.&nbsp;<\/span><span style=\"font-size: 13px; line-height: 1.6em;\">Samo wype\u0142nienie formumalarza nie jest jednoznaczne z rezerwacj\u0105, stanowi ono jedynie zapytanie o wolny termin.<\/span><\/p>\n<p>Formularz rezerwacji:<\/p>\n\n<div class=\"wpcf7 no-js\" id=\"wpcf7-f1845-o1\" lang=\"pl-PL\" dir=\"ltr\" data-wpcf7-id=\"1845\">\n<div class=\"screen-reader-response\"><p role=\"status\" aria-live=\"polite\" aria-atomic=\"true\"><\/p> <ul><\/ul><\/div>\n<form action=\"\/index.php?rest_route=%2Fwp%2Fv2%2Fpages%2F1852#wpcf7-f1845-o1\" method=\"post\" class=\"wpcf7-form init\" aria-label=\"Formularz kontaktowy\" novalidate=\"novalidate\" data-status=\"init\">\n<fieldset class=\"hidden-fields-container\"><input type=\"hidden\" name=\"_wpcf7\" value=\"1845\" \/><input type=\"hidden\" name=\"_wpcf7_version\" value=\"6.1.5\" \/><input type=\"hidden\" name=\"_wpcf7_locale\" value=\"pl_PL\" \/><input type=\"hidden\" name=\"_wpcf7_unit_tag\" value=\"wpcf7-f1845-o1\" \/><input type=\"hidden\" name=\"_wpcf7_container_post\" value=\"0\" \/><input type=\"hidden\" name=\"_wpcf7_posted_data_hash\" value=\"\" \/><input type=\"hidden\" name=\"_wpcf7_recaptcha_response\" value=\"\" \/>\n<\/fieldset>\n<p><label> Nazwisko<br \/>\n<span class=\"wpcf7-form-control-wrap\" data-name=\"your-name\"><input size=\"40\" maxlength=\"400\" class=\"wpcf7-form-control wpcf7-text wpcf7-validates-as-required\" aria-required=\"true\" aria-invalid=\"false\" value=\"\" type=\"text\" name=\"your-name\" \/><\/span> <\/label>\n<\/p>\n<p><label> Telefon<br \/>\n<span class=\"wpcf7-form-control-wrap\" data-name=\"tel-490\"><input size=\"40\" maxlength=\"400\" class=\"wpcf7-form-control wpcf7-tel wpcf7-validates-as-required wpcf7-text wpcf7-validates-as-tel\" aria-required=\"true\" aria-invalid=\"false\" value=\"\" type=\"tel\" name=\"tel-490\" \/><\/span> <\/label>\n<\/p>\n<p><label> E-mail<br \/>\n<span class=\"wpcf7-form-control-wrap\" data-name=\"your-email\"><input size=\"40\" maxlength=\"400\" class=\"wpcf7-form-control wpcf7-email wpcf7-validates-as-required wpcf7-text wpcf7-validates-as-email\" aria-required=\"true\" aria-invalid=\"false\" value=\"\" type=\"email\" name=\"your-email\" \/><\/span> <\/label>\n<\/p>\n<p><label> Liczba go\u015bci<br \/>\n<span class=\"wpcf7-form-control-wrap\" data-name=\"number-139\"><input class=\"wpcf7-form-control wpcf7-number wpcf7-validates-as-number\" min=\"1\" aria-invalid=\"false\" value=\"\" type=\"number\" name=\"number-139\" \/><\/span> <\/label>\n<\/p>\n<p><label> Data<br \/>\n<span class=\"wpcf7-form-control-wrap\" data-name=\"date-938\"><input class=\"wpcf7-form-control wpcf7-date wpcf7-validates-as-date\" min=\"2021-08-16\" aria-invalid=\"false\" value=\"\" type=\"date\" name=\"date-938\" \/><\/span><\/label>\n<\/p>\n<p><label> Godzina<br \/>\n<span class=\"wpcf7-form-control-wrap\" data-name=\"menu-768\"><select class=\"wpcf7-form-control wpcf7-select\" aria-invalid=\"false\" name=\"menu-768\"><option value=\"\">&#8212;Prosz\u0119 wybra\u0107 opcj\u0119&#8212;<\/option><option value=\"11:00\">11:00<\/option><option value=\"12:00\">12:00<\/option><option value=\"13:00\">13:00<\/option><option value=\"14:00\">14:00<\/option><option value=\"15:00\">15:00<\/option><option value=\"16:00\">16:00<\/option><option value=\"17:00\">17:00<\/option><option value=\"18:00\">18:00<\/option><option value=\"19:00\">19:00<\/option><option value=\"20:00\">20:00<\/option><option value=\"21:00\">21:00<\/option><\/select><\/span><\/label>\n<\/p>\n<p><label> Twoja wiadomo\u015bci<br \/>\n<span class=\"wpcf7-form-control-wrap\" data-name=\"your-message\"><textarea cols=\"40\" rows=\"10\" maxlength=\"2000\" class=\"wpcf7-form-control wpcf7-textarea\" aria-invalid=\"false\" name=\"your-message\"><\/textarea><\/span> <\/label>\n<\/p>\n<p><input class=\"wpcf7-form-control wpcf7-submit has-spinner\" type=\"submit\" value=\"Wy\u015blij\" \/>\n<\/p>\n<p>Administratorem danych osobowych podanych w powy\u017cszym formularzu jest Krystyna Krawczyk, prowadz\u0105ca prowadz\u0105ca dzia\u0142alno\u015b\u0107 gospodarcz\u0105 pod nazw\u0105 Krasnodw\u00f3r Restauracje Katering Krystyna Krawczyk, z siedzib\u0105 w Warszawie, przy ul. ul. \u015aw. Bonifacego 73\/118, 02-936 Warszawa, tel. 22 6669484, e-mail: <a href=\"mailto:krasnodwor@krasnodwor.pl\">krasnodwor@krasnodwor.pl<\/a> Podanie Pa\u0144stwa danych osobowych w tre\u015bci formularza jest dobrowolne, jednak ich niepodanie uniemo\u017cliwi nam kontakt z Pa\u0144stwem w celu ustalenia szczeg\u00f3\u0142\u00f3w rezerwacji stolika w naszej restauracji. <a href=\"https:\/\/krasnodwor.pl\/polityka_prywatnosci.pdf\">TUTAJ<\/a> w polityce prywatno\u015bci znajdziecie Pa\u0144stwo szczeg\u00f3\u0142owy opis tego, w jaki spos\u00f3b b\u0119dziemy przetwarza\u0107 dane osobowe przekazane nam w formularzu.\n<\/p><div class=\"wpcf7-response-output\" aria-hidden=\"true\"><\/div>\n<\/form>\n<\/div>\n\n","protected":false},"excerpt":{"rendered":"<p>W celu rezerwacji stolika w naszej restauracji prosimy o&nbsp;wype\u0142nienie poni\u017cszego formularza.&nbsp;Po jego wype\u0142nieniu nasz pracownik skontatuje sie z Pa\u0144stwem i poinformuje, czy wybrany termin jest wolny.&nbsp;Samo wype\u0142nienie formumalarza nie jest jednoznaczne z rezerwacj\u0105, stanowi ono jedynie zapytanie o wolny termin. Formularz rezerwacji:<\/p>\n","protected":false},"author":3,"featured_media":0,"parent":0,"menu_order":0,"comment_status":"closed","ping_status":"closed","template":"","meta":{"ngg_post_thumbnail":0,"footnotes":""},"class_list":["post-1852","page","type-page","status-publish","hentry"],"_links":{"self":[{"href":"https:\/\/krasnodwor.pl\/index.php?rest_route=\/wp\/v2\/pages\/1852","targetHints":{"allow":["GET"]}}],"collection":[{"href":"https:\/\/krasnodwor.pl\/index.php?rest_route=\/wp\/v2\/pages"}],"about":[{"href":"https:\/\/krasnodwor.pl\/index.php?rest_route=\/wp\/v2\/types\/page"}],"author":[{"embeddable":true,"href":"https:\/\/krasnodwor.pl\/index.php?rest_route=\/wp\/v2\/users\/3"}],"replies":[{"embeddable":true,"href":"https:\/\/krasnodwor.pl\/index.php?rest_route=%2Fwp%2Fv2%2Fcomments&post=1852"}],"version-history":[{"count":5,"href":"https:\/\/krasnodwor.pl\/index.php?rest_route=\/wp\/v2\/pages\/1852\/revisions"}],"predecessor-version":[{"id":1858,"href":"https:\/\/krasnodwor.pl\/index.php?rest_route=\/wp\/v2\/pages\/1852\/revisions\/1858"}],"wp:attachment":[{"href":"https:\/\/krasnodwor.pl\/index.php?rest_route=%2Fwp%2Fv2%2Fmedia&parent=1852"}],"curies":[{"name":"wp","href":"https:\/\/api.w.org\/{rel}","templated":true}]}}